{"id":25599,"date":"2024-11-14T11:20:58","date_gmt":"2024-11-14T10:20:58","guid":{"rendered":"https:\/\/akademie.ceresheilmittel.com\/teintures-meres-de-plantes\/"},"modified":"2026-01-23T10:47:23","modified_gmt":"2026-01-23T09:47:23","slug":"teintures-meres-de-plantes","status":"publish","type":"page","link":"https:\/\/akademie.ceresheilmittel.com\/fr\/teintures-meres-de-plantes\/","title":{"rendered":"Teintures m\u00e8res de plantes"},"content":{"rendered":"\n<p class=\"has-larger-font-size\" id=\"Teintures-m\u00e8res-de-plantes-top\">Que sont les teintures m\u00e8res v\u00e9g\u00e9tales ?\u00a0<\/p>\n\n\n\n<p>Les teintures m\u00e8res, identifi\u00e9es par le nom latin de la plante, sont principalement fabriqu\u00e9es \u00e0 partir de plantes fra\u00eeches, ce qui les distingue des teintures classiques, qui sont g\u00e9n\u00e9ralement \u00e9labor\u00e9es \u00e0 partir de plantes s\u00e9ch\u00e9es. L&#8217;extraction d&#8217;une teinture m\u00e8re se fait g\u00e9n\u00e9ralement par mac\u00e9ration dans de l&#8217;alcool. Les teintures m\u00e8res servent de substances de base dans l&#8217;hom\u00e9opathie classique pour la fabrication de dilutions hom\u00e9opathiques.\u00a0<\/p>\n\n\n<style>.kadence-column25599_76ca85-6e > .kt-inside-inner-col,.kadence-column25599_76ca85-6e > .kt-inside-inner-col:before{border-top-left-radius:0px;border-top-right-radius:0px;border-bottom-right-radius:0px;border-bottom-left-radius:0px;}.kadence-column25599_76ca85-6e > .kt-inside-inner-col{column-gap:var(--global-kb-gap-sm, 1rem);}.kadence-column25599_76ca85-6e > .kt-inside-inner-col{flex-direction:column;}.kadence-column25599_76ca85-6e > .kt-inside-inner-col > .aligncenter{width:100%;}.kadence-column25599_76ca85-6e > .kt-inside-inner-col:before{opacity:0.3;}.kadence-column25599_76ca85-6e{position:relative;}@media all and (max-width: 1024px){.kadence-column25599_76ca85-6e > .kt-inside-inner-col{flex-direction:column;justify-content:center;}}@media all and (max-width: 767px){.kadence-column25599_76ca85-6e > .kt-inside-inner-col{flex-direction:column;justify-content:center;}}<\/style>\n<div class=\"wp-block-kadence-column kadence-column25599_76ca85-6e\"><div class=\"kt-inside-inner-col\">\n<figure class=\"wp-block-image size-large is-style-default\"><img loading=\"lazy\" decoding=\"async\" width=\"1024\" height=\"819\" src=\"https:\/\/akademie.ceresheilmittel.com\/wp-content\/uploads\/sites\/6\/2024\/10\/Mariendistel_Carduus-1024x819.jpg\" alt=\"\" class=\"wp-image-15650\" style=\"aspect-ratio:16\/9;object-fit:cover\" srcset=\"https:\/\/akademie.ceresheilmittel.com\/wp-content\/uploads\/sites\/6\/2024\/10\/Mariendistel_Carduus-1024x819.jpg 1024w, https:\/\/akademie.ceresheilmittel.com\/wp-content\/uploads\/sites\/6\/2024\/10\/Mariendistel_Carduus-300x240.jpg 300w, https:\/\/akademie.ceresheilmittel.com\/wp-content\/uploads\/sites\/6\/2024\/10\/Mariendistel_Carduus-768x614.jpg 768w, https:\/\/akademie.ceresheilmittel.com\/wp-content\/uploads\/sites\/6\/2024\/10\/Mariendistel_Carduus-1536x1229.jpg 1536w, https:\/\/akademie.ceresheilmittel.com\/wp-content\/uploads\/sites\/6\/2024\/10\/Mariendistel_Carduus-2048x1638.jpg 2048w, https:\/\/akademie.ceresheilmittel.com\/wp-content\/uploads\/sites\/6\/2024\/10\/Mariendistel_Carduus-600x480.jpg 600w\" sizes=\"auto, (max-width: 1024px) 100vw, 1024px\" \/><\/figure>\n<\/div><\/div>\n\n\n\n<p>Bien que les teintures m\u00e8res soient environ deux fois moins concentr\u00e9es que les teintures en termes de substances actives, elles d\u00e9ploient une action plus puissante lorsqu&#8217;elles sont de bonne qualit\u00e9. Elles sont utilis\u00e9es tant pour les maladies aigu\u00ebs que chroniques. Lorsqu&#8217;elles sont fabriqu\u00e9es de mani\u00e8re douce, comme selon le proc\u00e9d\u00e9 Ceres, elles se distinguent par leur capacit\u00e9 \u00e0 transmettre l&#8217;essence de la plante.\u00a0<\/p>\n\n\n\n<p class=\"has-large-font-size\">L&#8217;essence des plantes dans les teintures m\u00e8res\u202f\u202f\u00a0<\/p>\n\n\n\n<p>Aucune autre pr\u00e9paration n&#8217;exprime aussi clairement l&#8217;essence d&#8217;une plante m\u00e9dicinale que la teinture m\u00e8re, \u00e0 condition que le proc\u00e9d\u00e9 de fabrication prenne en compte les principes actifs immat\u00e9riels (pour en savoir plus, cliquez ici) de la plante m\u00e9dicinale. \u00a0<br>\u00a0<br>L&#8217;essence de la plante m\u00e9dicinale se manifeste particuli\u00e8rement dans l&#8217;odeur et le go\u00fbt de la pr\u00e9paration. Une teinture m\u00e8re de qualit\u00e9 sup\u00e9rieure conserve l&#8217;odeur et le go\u00fbt de la plante sous une forme presque pure.\u00a0<\/p>\n\n\n\n<p class=\"has-text-align-center\"><em><a href=\"#Teintures-m\u00e8res-de-plantes-top\">retour \u00e0 l&#8217;aper\u00e7u<\/a><\/em><\/p>\n\n\n\n<p><\/p>\n","protected":false},"excerpt":{"rendered":"<p>Que sont les teintures m\u00e8res v\u00e9g\u00e9tales ?\u00a0 Les teintures m\u00e8res, identifi\u00e9es par le nom latin de la plante, sont principalement fabriqu\u00e9es \u00e0 partir de plantes fra\u00eeches, ce qui les distingue des teintures classiques, qui sont g\u00e9n\u00e9ralement \u00e9labor\u00e9es \u00e0 partir de plantes s\u00e9ch\u00e9es. L&#8217;extraction d&#8217;une teinture m\u00e8re se fait g\u00e9n\u00e9ralement par mac\u00e9ration dans de l&#8217;alcool. Les&#8230;<\/p>\n","protected":false},"author":4154,"featured_media":0,"parent":0,"menu_order":0,"comment_status":"closed","ping_status":"closed","template":"","meta":{"_acf_changed":false,"_uag_custom_page_level_css":"","_kad_blocks_custom_css":"","_kad_blocks_head_custom_js":"","_kad_blocks_body_custom_js":"","_kad_blocks_footer_custom_js":"","_kad_post_transparent":"","_kad_post_title":"","_kad_post_layout":"","_kad_post_sidebar_id":"","_kad_post_content_style":"","_kad_post_vertical_padding":"","_kad_post_feature":"","_kad_post_feature_position":"","_kad_post_header":false,"_kad_post_footer":false,"footnotes":""},"class_list":["post-25599","page","type-page","status-publish","hentry"],"acf":[],"yoast_head":"<!-- This site is optimized with the Yoast SEO plugin v25.9 - https:\/\/yoast.com\/wordpress\/plugins\/seo\/ -->\n<title>Teintures m\u00e8res de plantes - CERES Akademie<\/title>\n<meta name=\"robots\" content=\"index, follow, max-snippet:-1, max-image-preview:large, max-video-preview:-1\" \/>\n<link rel=\"canonical\" href=\"https:\/\/akademie.ceresheilmittel.com\/fr\/teintures-meres-de-plantes\/\" \/>\n<meta property=\"og:locale\" content=\"fr_FR\" \/>\n<meta property=\"og:type\" content=\"article\" \/>\n<meta property=\"og:title\" content=\"Teintures m\u00e8res de plantes - CERES Akademie\" \/>\n<meta property=\"og:description\" content=\"Que sont les teintures m\u00e8res v\u00e9g\u00e9tales ?\u00a0 Les teintures m\u00e8res, identifi\u00e9es par le nom latin de la plante, sont principalement fabriqu\u00e9es \u00e0 partir de plantes fra\u00eeches, ce qui les distingue des teintures classiques, qui sont g\u00e9n\u00e9ralement \u00e9labor\u00e9es \u00e0 partir de plantes s\u00e9ch\u00e9es. L&#8217;extraction d&#8217;une teinture m\u00e8re se fait g\u00e9n\u00e9ralement par mac\u00e9ration dans de l&#8217;alcool. Les...\" \/>\n<meta property=\"og:url\" content=\"https:\/\/akademie.ceresheilmittel.com\/fr\/teintures-meres-de-plantes\/\" \/>\n<meta property=\"og:site_name\" content=\"CERES Akademie\" \/>\n<meta property=\"article:modified_time\" content=\"2026-01-23T09:47:23+00:00\" \/>\n<meta property=\"og:image\" content=\"https:\/\/akademie.ceresheilmittel.com\/wp-content\/uploads\/sites\/6\/2024\/10\/Mariendistel_Carduus-1024x819.jpg\" \/>\n<meta name=\"twitter:card\" content=\"summary_large_image\" \/>\n<meta name=\"twitter:label1\" content=\"Dur\u00e9e de lecture estim\u00e9e\" \/>\n\t<meta name=\"twitter:data1\" content=\"2 minutes\" \/>\n<script type=\"application\/ld+json\" class=\"yoast-schema-graph\">{\"@context\":\"https:\/\/schema.org\",\"@graph\":[{\"@type\":\"WebPage\",\"@id\":\"https:\/\/akademie.ceresheilmittel.com\/fr\/teintures-meres-de-plantes\/\",\"url\":\"https:\/\/akademie.ceresheilmittel.com\/fr\/teintures-meres-de-plantes\/\",\"name\":\"Teintures m\u00e8res de plantes - CERES Akademie\",\"isPartOf\":{\"@id\":\"https:\/\/akademie.ceresheilmittel.com\/fr\/#website\"},\"primaryImageOfPage\":{\"@id\":\"https:\/\/akademie.ceresheilmittel.com\/fr\/teintures-meres-de-plantes\/#primaryimage\"},\"image\":{\"@id\":\"https:\/\/akademie.ceresheilmittel.com\/fr\/teintures-meres-de-plantes\/#primaryimage\"},\"thumbnailUrl\":\"https:\/\/akademie.ceresheilmittel.com\/wp-content\/uploads\/sites\/6\/2024\/10\/Mariendistel_Carduus-1024x819.jpg\",\"datePublished\":\"2024-11-14T10:20:58+00:00\",\"dateModified\":\"2026-01-23T09:47:23+00:00\",\"breadcrumb\":{\"@id\":\"https:\/\/akademie.ceresheilmittel.com\/fr\/teintures-meres-de-plantes\/#breadcrumb\"},\"inLanguage\":\"fr-FR\",\"potentialAction\":[{\"@type\":\"ReadAction\",\"target\":[\"https:\/\/akademie.ceresheilmittel.com\/fr\/teintures-meres-de-plantes\/\"]}]},{\"@type\":\"ImageObject\",\"inLanguage\":\"fr-FR\",\"@id\":\"https:\/\/akademie.ceresheilmittel.com\/fr\/teintures-meres-de-plantes\/#primaryimage\",\"url\":\"https:\/\/akademie.ceresheilmittel.com\/wp-content\/uploads\/sites\/6\/2024\/10\/Mariendistel_Carduus-1024x819.jpg\",\"contentUrl\":\"https:\/\/akademie.ceresheilmittel.com\/wp-content\/uploads\/sites\/6\/2024\/10\/Mariendistel_Carduus-1024x819.jpg\"},{\"@type\":\"BreadcrumbList\",\"@id\":\"https:\/\/akademie.ceresheilmittel.com\/fr\/teintures-meres-de-plantes\/#breadcrumb\",\"itemListElement\":[{\"@type\":\"ListItem\",\"position\":1,\"name\":\"Home\",\"item\":\"https:\/\/akademie.ceresheilmittel.com\/fr\/page-daccueil\/\"},{\"@type\":\"ListItem\",\"position\":2,\"name\":\"Teintures m\u00e8res de plantes\"}]},{\"@type\":\"WebSite\",\"@id\":\"https:\/\/akademie.ceresheilmittel.com\/fr\/#website\",\"url\":\"https:\/\/akademie.ceresheilmittel.com\/fr\/\",\"name\":\"CERES Akademie\",\"description\":\"\",\"publisher\":{\"@id\":\"https:\/\/akademie.ceresheilmittel.com\/fr\/#organization\"},\"potentialAction\":[{\"@type\":\"SearchAction\",\"target\":{\"@type\":\"EntryPoint\",\"urlTemplate\":\"https:\/\/akademie.ceresheilmittel.com\/fr\/?s={search_term_string}\"},\"query-input\":{\"@type\":\"PropertyValueSpecification\",\"valueRequired\":true,\"valueName\":\"search_term_string\"}}],\"inLanguage\":\"fr-FR\"},{\"@type\":\"Organization\",\"@id\":\"https:\/\/akademie.ceresheilmittel.com\/fr\/#organization\",\"name\":\"CERES Akademie\",\"url\":\"https:\/\/akademie.ceresheilmittel.com\/fr\/\",\"logo\":{\"@type\":\"ImageObject\",\"inLanguage\":\"fr-FR\",\"@id\":\"https:\/\/akademie.ceresheilmittel.com\/fr\/#\/schema\/logo\/image\/\",\"url\":\"https:\/\/akademie.ceresheilmittel.com\/wp-content\/uploads\/sites\/6\/2024\/11\/cropped-Logo_Ceres_Web_RGB_0722.jpg\",\"contentUrl\":\"https:\/\/akademie.ceresheilmittel.com\/wp-content\/uploads\/sites\/6\/2024\/11\/cropped-Logo_Ceres_Web_RGB_0722.jpg\",\"width\":599,\"height\":315,\"caption\":\"CERES Akademie\"},\"image\":{\"@id\":\"https:\/\/akademie.ceresheilmittel.com\/fr\/#\/schema\/logo\/image\/\"}}]}<\/script>\n<!-- \/ Yoast SEO plugin. -->","yoast_head_json":{"title":"Teintures m\u00e8res de plantes - CERES Akademie","robots":{"index":"index","follow":"follow","max-snippet":"max-snippet:-1","max-image-preview":"max-image-preview:large","max-video-preview":"max-video-preview:-1"},"canonical":"https:\/\/akademie.ceresheilmittel.com\/fr\/teintures-meres-de-plantes\/","og_locale":"fr_FR","og_type":"article","og_title":"Teintures m\u00e8res de plantes - CERES Akademie","og_description":"Que sont les teintures m\u00e8res v\u00e9g\u00e9tales ?\u00a0 Les teintures m\u00e8res, identifi\u00e9es par le nom latin de la plante, sont principalement fabriqu\u00e9es \u00e0 partir de plantes fra\u00eeches, ce qui les distingue des teintures classiques, qui sont g\u00e9n\u00e9ralement \u00e9labor\u00e9es \u00e0 partir de plantes s\u00e9ch\u00e9es. L&#8217;extraction d&#8217;une teinture m\u00e8re se fait g\u00e9n\u00e9ralement par mac\u00e9ration dans de l&#8217;alcool. Les...","og_url":"https:\/\/akademie.ceresheilmittel.com\/fr\/teintures-meres-de-plantes\/","og_site_name":"CERES Akademie","article_modified_time":"2026-01-23T09:47:23+00:00","og_image":[{"url":"https:\/\/akademie.ceresheilmittel.com\/wp-content\/uploads\/sites\/6\/2024\/10\/Mariendistel_Carduus-1024x819.jpg","type":"","width":"","height":""}],"twitter_card":"summary_large_image","twitter_misc":{"Dur\u00e9e de lecture estim\u00e9e":"2 minutes"},"schema":{"@context":"https:\/\/schema.org","@graph":[{"@type":"WebPage","@id":"https:\/\/akademie.ceresheilmittel.com\/fr\/teintures-meres-de-plantes\/","url":"https:\/\/akademie.ceresheilmittel.com\/fr\/teintures-meres-de-plantes\/","name":"Teintures m\u00e8res de plantes - CERES Akademie","isPartOf":{"@id":"https:\/\/akademie.ceresheilmittel.com\/fr\/#website"},"primaryImageOfPage":{"@id":"https:\/\/akademie.ceresheilmittel.com\/fr\/teintures-meres-de-plantes\/#primaryimage"},"image":{"@id":"https:\/\/akademie.ceresheilmittel.com\/fr\/teintures-meres-de-plantes\/#primaryimage"},"thumbnailUrl":"https:\/\/akademie.ceresheilmittel.com\/wp-content\/uploads\/sites\/6\/2024\/10\/Mariendistel_Carduus-1024x819.jpg","datePublished":"2024-11-14T10:20:58+00:00","dateModified":"2026-01-23T09:47:23+00:00","breadcrumb":{"@id":"https:\/\/akademie.ceresheilmittel.com\/fr\/teintures-meres-de-plantes\/#breadcrumb"},"inLanguage":"fr-FR","potentialAction":[{"@type":"ReadAction","target":["https:\/\/akademie.ceresheilmittel.com\/fr\/teintures-meres-de-plantes\/"]}]},{"@type":"ImageObject","inLanguage":"fr-FR","@id":"https:\/\/akademie.ceresheilmittel.com\/fr\/teintures-meres-de-plantes\/#primaryimage","url":"https:\/\/akademie.ceresheilmittel.com\/wp-content\/uploads\/sites\/6\/2024\/10\/Mariendistel_Carduus-1024x819.jpg","contentUrl":"https:\/\/akademie.ceresheilmittel.com\/wp-content\/uploads\/sites\/6\/2024\/10\/Mariendistel_Carduus-1024x819.jpg"},{"@type":"BreadcrumbList","@id":"https:\/\/akademie.ceresheilmittel.com\/fr\/teintures-meres-de-plantes\/#breadcrumb","itemListElement":[{"@type":"ListItem","position":1,"name":"Home","item":"https:\/\/akademie.ceresheilmittel.com\/fr\/page-daccueil\/"},{"@type":"ListItem","position":2,"name":"Teintures m\u00e8res de plantes"}]},{"@type":"WebSite","@id":"https:\/\/akademie.ceresheilmittel.com\/fr\/#website","url":"https:\/\/akademie.ceresheilmittel.com\/fr\/","name":"CERES Akademie","description":"","publisher":{"@id":"https:\/\/akademie.ceresheilmittel.com\/fr\/#organization"},"potentialAction":[{"@type":"SearchAction","target":{"@type":"EntryPoint","urlTemplate":"https:\/\/akademie.ceresheilmittel.com\/fr\/?s={search_term_string}"},"query-input":{"@type":"PropertyValueSpecification","valueRequired":true,"valueName":"search_term_string"}}],"inLanguage":"fr-FR"},{"@type":"Organization","@id":"https:\/\/akademie.ceresheilmittel.com\/fr\/#organization","name":"CERES Akademie","url":"https:\/\/akademie.ceresheilmittel.com\/fr\/","logo":{"@type":"ImageObject","inLanguage":"fr-FR","@id":"https:\/\/akademie.ceresheilmittel.com\/fr\/#\/schema\/logo\/image\/","url":"https:\/\/akademie.ceresheilmittel.com\/wp-content\/uploads\/sites\/6\/2024\/11\/cropped-Logo_Ceres_Web_RGB_0722.jpg","contentUrl":"https:\/\/akademie.ceresheilmittel.com\/wp-content\/uploads\/sites\/6\/2024\/11\/cropped-Logo_Ceres_Web_RGB_0722.jpg","width":599,"height":315,"caption":"CERES Akademie"},"image":{"@id":"https:\/\/akademie.ceresheilmittel.com\/fr\/#\/schema\/logo\/image\/"}}]}},"taxonomy_info":[],"featured_image_src_large":false,"author_info":{"display_name":"upworkhelper1","author_link":"https:\/\/akademie.ceresheilmittel.com\/fr\/author\/upworkhelper1\/"},"comment_info":0,"uagb_featured_image_src":{"full":false,"thumbnail":false,"medium":false,"medium_large":false,"large":false,"1536x1536":false,"2048x2048":false,"woocommerce_thumbnail":false,"woocommerce_single":false,"woocommerce_gallery_thumbnail":false},"uagb_author_info":{"display_name":"upworkhelper1","author_link":"https:\/\/akademie.ceresheilmittel.com\/fr\/author\/upworkhelper1\/"},"uagb_comment_info":0,"uagb_excerpt":"Que sont les teintures m\u00e8res v\u00e9g\u00e9tales ?\u00a0 Les teintures m\u00e8res, identifi\u00e9es par le nom latin de la plante, sont principalement fabriqu\u00e9es \u00e0 partir de plantes fra\u00eeches, ce qui les distingue des teintures classiques, qui sont g\u00e9n\u00e9ralement \u00e9labor\u00e9es \u00e0 partir de plantes s\u00e9ch\u00e9es. L&#8217;extraction d&#8217;une teinture m\u00e8re se fait g\u00e9n\u00e9ralement par mac\u00e9ration dans de l&#8217;alcool. Les...","_links":{"self":[{"href":"https:\/\/akademie.ceresheilmittel.com\/fr\/wp-json\/wp\/v2\/pages\/25599","targetHints":{"allow":["GET"]}}],"collection":[{"href":"https:\/\/akademie.ceresheilmittel.com\/fr\/wp-json\/wp\/v2\/pages"}],"about":[{"href":"https:\/\/akademie.ceresheilmittel.com\/fr\/wp-json\/wp\/v2\/types\/page"}],"author":[{"embeddable":true,"href":"https:\/\/akademie.ceresheilmittel.com\/fr\/wp-json\/wp\/v2\/users\/4154"}],"replies":[{"embeddable":true,"href":"https:\/\/akademie.ceresheilmittel.com\/fr\/wp-json\/wp\/v2\/comments?post=25599"}],"version-history":[{"count":2,"href":"https:\/\/akademie.ceresheilmittel.com\/fr\/wp-json\/wp\/v2\/pages\/25599\/revisions"}],"predecessor-version":[{"id":40895,"href":"https:\/\/akademie.ceresheilmittel.com\/fr\/wp-json\/wp\/v2\/pages\/25599\/revisions\/40895"}],"wp:attachment":[{"href":"https:\/\/akademie.ceresheilmittel.com\/fr\/wp-json\/wp\/v2\/media?parent=25599"}],"curies":[{"name":"wp","href":"https:\/\/api.w.org\/{rel}","templated":true}]}}