{"id":74176,"date":"2025-10-31T14:40:09","date_gmt":"2025-10-31T13:40:09","guid":{"rendered":"https:\/\/akademie.ceresheilmittel.com\/?post_type=product&#038;p=74176"},"modified":"2025-11-21T10:45:10","modified_gmt":"2025-11-21T09:45:10","slug":"cours-dintroduction-a-lutilisation-des-teintures-meres","status":"publish","type":"product","link":"https:\/\/akademie.ceresheilmittel.com\/fr\/produit\/cours-dintroduction-a-lutilisation-des-teintures-meres\/","title":{"rendered":"Cours d\u2019introduction \u00e0 l\u2019utilisation des teintures m\u00e8res"},"content":{"rendered":"<div>\u200b<span class=\"s11\">L&#8217;objectif de ce cours est de vous faire d\u00e9couvrir les processus particuliers de fabrication des teintures m\u00e8res \u00e0 base de plantes et de comprendre leur mode d&#8217;utilisation. Ensuite, une \u00e9tude d\u00e9taill\u00e9e de diff\u00e9rentes plantes m\u00e9dicinales sera effectu\u00e9e. Chaque plante trait\u00e9e par ce processus de fabrication unique a sa propre forme, son propre ar\u00f4me, sa propre odeur, sa propre signature, ses propres propri\u00e9t\u00e9s et son propre champ d&#8217;action.<\/span><\/div>\n<h2>Intervenants<span style=\"text-transform: none;\">-tes<\/span><\/h2>\n<div style=\"gap: 5%;\">\n<div style=\"text-align: left; font-size: 0.85em;\">\n<div><img loading=\"lazy\" decoding=\"async\" class=\"alignnone wp-image-39167\" src=\"https:\/\/akademie.ceresheilmittel.com\/wp-content\/uploads\/sites\/6\/2025\/04\/Calame-Nathalie-300x300.jpg\" alt=\"\" width=\"180\" height=\"180\" srcset=\"https:\/\/akademie.ceresheilmittel.com\/wp-content\/uploads\/sites\/6\/2025\/04\/Calame-Nathalie-300x300.jpg 300w, https:\/\/akademie.ceresheilmittel.com\/wp-content\/uploads\/sites\/6\/2025\/04\/Calame-Nathalie-1024x1024.jpg 1024w, https:\/\/akademie.ceresheilmittel.com\/wp-content\/uploads\/sites\/6\/2025\/04\/Calame-Nathalie-150x150.jpg 150w, https:\/\/akademie.ceresheilmittel.com\/wp-content\/uploads\/sites\/6\/2025\/04\/Calame-Nathalie-768x768.jpg 768w, https:\/\/akademie.ceresheilmittel.com\/wp-content\/uploads\/sites\/6\/2025\/04\/Calame-Nathalie-1536x1536.jpg 1536w, https:\/\/akademie.ceresheilmittel.com\/wp-content\/uploads\/sites\/6\/2025\/04\/Calame-Nathalie-2048x2048.jpg 2048w, https:\/\/akademie.ceresheilmittel.com\/wp-content\/uploads\/sites\/6\/2025\/04\/Calame-Nathalie-600x600.jpg 600w, https:\/\/akademie.ceresheilmittel.com\/wp-content\/uploads\/sites\/6\/2025\/04\/Calame-Nathalie-100x100.jpg 100w\" sizes=\"auto, (max-width: 180px) 100vw, 180px\" \/><\/div>\n<p><strong>Dr m\u00e9d Nathalie Calame<\/strong><br \/>\n<em><i>M\u00e9decin<span data-teams=\"true\">\u00a0praticien, pr\u00e9sidente de l\u2019Association Pr\u00e9vention et Sant\u00e9 (Colombier), hom\u00e9opathe, phytoth\u00e9rapeute<\/span><\/i><\/em><br \/>\nDomaines: diff\u00e9rentes m\u00e9decines compl\u00e9mentaires, en particulier hom\u00e9opathie,<br \/>\nphytoth\u00e9rapie, Bior\u00e9sonnance MORA, Immunologie Nutritionnelle, Naturopathie, Gyn\u00e9cologie Naturopathique<\/p>\n<div style=\"font-size: 0.85em;\"><img loading=\"lazy\" decoding=\"async\" class=\"alignnone wp-image-24163\" src=\"https:\/\/akademie.ceresheilmittel.com\/wp-content\/uploads\/sites\/6\/2024\/10\/CERES_Ref_Jose_Garcia_150x164px_1200dpi-274x300.png\" alt=\"\" width=\"180\" height=\"197\" srcset=\"https:\/\/akademie.ceresheilmittel.com\/wp-content\/uploads\/sites\/6\/2024\/10\/CERES_Ref_Jose_Garcia_150x164px_1200dpi-274x300.png 274w, https:\/\/akademie.ceresheilmittel.com\/wp-content\/uploads\/sites\/6\/2024\/10\/CERES_Ref_Jose_Garcia_150x164px_1200dpi.png 600w\" sizes=\"auto, (max-width: 180px) 100vw, 180px\" \/><\/div>\n<p><strong>Dr Jos\u00e9 Garcia<\/strong><br \/>\n<em><i>Dr<span data-teams=\"true\">\u00a0en Chimie, naturopath, conf\u00e9rencier des cours de toxicologie des plantes m\u00e9dicinales et d\u2019homotoxicologie<\/span><\/i><\/em><br \/>\nDomaines: naturopathie, phyto-spagyrie, th\u00e9rapie cr\u00e2nio-sacr\u00e9e<\/p>\n<\/div>\n<\/div>\n<p><!-- Kontaktbereich beginnt --><\/p>\n<div class=\"kontaktbereich\" style=\"background-color: #f0f0f0;\">\n<h3 style=\"margin-top: 0;\">Contact<\/h3>\n<p style=\"margin: 0;\">E-mail: <a href=\"mailto:info@ebi-pharm.ch\">info@ebi-pharm.ch<\/a><\/p>\n<p style=\"margin: 0;\">T\u00e9l.: +41 31 828 12 22<\/p>\n<\/div>\n","protected":false},"excerpt":{"rendered":"<p><strong>S\u00e9minaire de base<\/strong><\/p>\n<p>23.04.2026 I 9:30 \u00e0 17:00 heures<br \/>\nNax \u00e0 proximit\u00e9 de Sion, Suisse<br \/>\nR\u00e9serv\u00e9 aux professionnels<\/p>\n","protected":false},"featured_media":44111,"template":"","meta":{"_acf_changed":false,"_uag_custom_page_level_css":"","_kad_blocks_custom_css":"","_kad_blocks_head_custom_js":"","_kad_blocks_body_custom_js":"","_kad_blocks_footer_custom_js":"","_kad_post_transparent":"default","_kad_post_title":"","_kad_post_layout":"normal","_kad_post_sidebar_id":"","_kad_post_content_style":"default","_kad_post_vertical_padding":"default","_kad_post_feature":"","_kad_post_feature_position":"","_kad_post_header":false,"_kad_post_footer":false},"product_brand":[],"product_cat":[8352,2595,2591],"product_tag":[8964],"class_list":{"0":"post-74176","1":"product","2":"type-product","3":"status-publish","4":"has-post-thumbnail","6":"product_cat-ch-nax","7":"product_cat-francais","8":"product_cat-principes-de-base","9":"product_tag-26-03-2026-fr","10":"pa_format-praesenzseminar-fr","11":"pa_fuer-wen-professionnel-de-sante","12":"pa_sku-26-77","14":"first","15":"instock","16":"sold-individually","17":"taxable","18":"shipping-taxable","19":"product-type-external","20":"entry","21":"content-bg","22":"loop-entry"},"acf":[],"yoast_head":"<!-- This site is optimized with the Yoast SEO plugin v25.9 - https:\/\/yoast.com\/wordpress\/plugins\/seo\/ -->\n<title>Cours d\u2019introduction \u00e0 l\u2019utilisation des teintures m\u00e8res - CERES Akademie<\/title>\n<meta name=\"robots\" content=\"index, follow, max-snippet:-1, max-image-preview:large, max-video-preview:-1\" \/>\n<link rel=\"canonical\" href=\"https:\/\/akademie.ceresheilmittel.com\/fr\/produit\/cours-dintroduction-a-lutilisation-des-teintures-meres\/\" \/>\n<meta property=\"og:locale\" content=\"fr_FR\" \/>\n<meta property=\"og:type\" content=\"article\" \/>\n<meta property=\"og:title\" content=\"Cours d\u2019introduction \u00e0 l\u2019utilisation des teintures m\u00e8res - CERES Akademie\" \/>\n<meta property=\"og:description\" content=\"S\u00e9minaire de base  23.04.2026 I 9:30 \u00e0 17:00 heures Nax \u00e0 proximit\u00e9 de Sion, Suisse R\u00e9serv\u00e9 aux professionnels\" \/>\n<meta property=\"og:url\" content=\"https:\/\/akademie.ceresheilmittel.com\/fr\/produit\/cours-dintroduction-a-lutilisation-des-teintures-meres\/\" \/>\n<meta property=\"og:site_name\" content=\"CERES Akademie\" \/>\n<meta property=\"article:modified_time\" content=\"2025-11-21T09:45:10+00:00\" \/>\n<meta property=\"og:image\" content=\"https:\/\/akademie.ceresheilmittel.com\/wp-content\/uploads\/sites\/6\/2025\/05\/steinklee_1_WuS_RK.jpg\" \/>\n\t<meta property=\"og:image:width\" content=\"569\" \/>\n\t<meta property=\"og:image:height\" content=\"852\" \/>\n\t<meta property=\"og:image:type\" content=\"image\/jpeg\" \/>\n<meta name=\"twitter:card\" content=\"summary_large_image\" \/>\n<meta name=\"twitter:label1\" content=\"Dur\u00e9e de lecture estim\u00e9e\" \/>\n\t<meta name=\"twitter:data1\" content=\"2 minutes\" \/>\n<script type=\"application\/ld+json\" class=\"yoast-schema-graph\">{\"@context\":\"https:\/\/schema.org\",\"@graph\":[{\"@type\":\"WebPage\",\"@id\":\"https:\/\/akademie.ceresheilmittel.com\/fr\/produit\/cours-dintroduction-a-lutilisation-des-teintures-meres\/\",\"url\":\"https:\/\/akademie.ceresheilmittel.com\/fr\/produit\/cours-dintroduction-a-lutilisation-des-teintures-meres\/\",\"name\":\"Cours d\u2019introduction \u00e0 l\u2019utilisation des teintures m\u00e8res - CERES Akademie\",\"isPartOf\":{\"@id\":\"https:\/\/akademie.ceresheilmittel.com\/fr\/#website\"},\"primaryImageOfPage\":{\"@id\":\"https:\/\/akademie.ceresheilmittel.com\/fr\/produit\/cours-dintroduction-a-lutilisation-des-teintures-meres\/#primaryimage\"},\"image\":{\"@id\":\"https:\/\/akademie.ceresheilmittel.com\/fr\/produit\/cours-dintroduction-a-lutilisation-des-teintures-meres\/#primaryimage\"},\"thumbnailUrl\":\"https:\/\/akademie.ceresheilmittel.com\/wp-content\/uploads\/sites\/6\/2025\/05\/steinklee_1_WuS_RK.jpg\",\"datePublished\":\"2025-10-31T13:40:09+00:00\",\"dateModified\":\"2025-11-21T09:45:10+00:00\",\"breadcrumb\":{\"@id\":\"https:\/\/akademie.ceresheilmittel.com\/fr\/produit\/cours-dintroduction-a-lutilisation-des-teintures-meres\/#breadcrumb\"},\"inLanguage\":\"fr-FR\",\"potentialAction\":[{\"@type\":\"ReadAction\",\"target\":[\"https:\/\/akademie.ceresheilmittel.com\/fr\/produit\/cours-dintroduction-a-lutilisation-des-teintures-meres\/\"]}]},{\"@type\":\"ImageObject\",\"inLanguage\":\"fr-FR\",\"@id\":\"https:\/\/akademie.ceresheilmittel.com\/fr\/produit\/cours-dintroduction-a-lutilisation-des-teintures-meres\/#primaryimage\",\"url\":\"https:\/\/akademie.ceresheilmittel.com\/wp-content\/uploads\/sites\/6\/2025\/05\/steinklee_1_WuS_RK.jpg\",\"contentUrl\":\"https:\/\/akademie.ceresheilmittel.com\/wp-content\/uploads\/sites\/6\/2025\/05\/steinklee_1_WuS_RK.jpg\",\"width\":569,\"height\":852},{\"@type\":\"BreadcrumbList\",\"@id\":\"https:\/\/akademie.ceresheilmittel.com\/fr\/produit\/cours-dintroduction-a-lutilisation-des-teintures-meres\/#breadcrumb\",\"itemListElement\":[{\"@type\":\"ListItem\",\"position\":1,\"name\":\"Home\",\"item\":\"https:\/\/akademie.ceresheilmittel.com\/fr\/page-daccueil\/\"},{\"@type\":\"ListItem\",\"position\":2,\"name\":\"Produits\",\"item\":\"https:\/\/akademie.ceresheilmittel.com\/fr\/shop\/\"},{\"@type\":\"ListItem\",\"position\":3,\"name\":\"Cours d\u2019introduction \u00e0 l\u2019utilisation des teintures m\u00e8res\"}]},{\"@type\":\"WebSite\",\"@id\":\"https:\/\/akademie.ceresheilmittel.com\/fr\/#website\",\"url\":\"https:\/\/akademie.ceresheilmittel.com\/fr\/\",\"name\":\"CERES Akademie\",\"description\":\"\",\"publisher\":{\"@id\":\"https:\/\/akademie.ceresheilmittel.com\/fr\/#organization\"},\"potentialAction\":[{\"@type\":\"SearchAction\",\"target\":{\"@type\":\"EntryPoint\",\"urlTemplate\":\"https:\/\/akademie.ceresheilmittel.com\/fr\/?s={search_term_string}\"},\"query-input\":{\"@type\":\"PropertyValueSpecification\",\"valueRequired\":true,\"valueName\":\"search_term_string\"}}],\"inLanguage\":\"fr-FR\"},{\"@type\":\"Organization\",\"@id\":\"https:\/\/akademie.ceresheilmittel.com\/fr\/#organization\",\"name\":\"CERES Akademie\",\"url\":\"https:\/\/akademie.ceresheilmittel.com\/fr\/\",\"logo\":{\"@type\":\"ImageObject\",\"inLanguage\":\"fr-FR\",\"@id\":\"https:\/\/akademie.ceresheilmittel.com\/fr\/#\/schema\/logo\/image\/\",\"url\":\"https:\/\/akademie.ceresheilmittel.com\/wp-content\/uploads\/sites\/6\/2024\/11\/cropped-Logo_Ceres_Web_RGB_0722.jpg\",\"contentUrl\":\"https:\/\/akademie.ceresheilmittel.com\/wp-content\/uploads\/sites\/6\/2024\/11\/cropped-Logo_Ceres_Web_RGB_0722.jpg\",\"width\":599,\"height\":315,\"caption\":\"CERES Akademie\"},\"image\":{\"@id\":\"https:\/\/akademie.ceresheilmittel.com\/fr\/#\/schema\/logo\/image\/\"}}]}<\/script>\n<!-- \/ Yoast SEO plugin. -->","yoast_head_json":{"title":"Cours d\u2019introduction \u00e0 l\u2019utilisation des teintures m\u00e8res - CERES Akademie","robots":{"index":"index","follow":"follow","max-snippet":"max-snippet:-1","max-image-preview":"max-image-preview:large","max-video-preview":"max-video-preview:-1"},"canonical":"https:\/\/akademie.ceresheilmittel.com\/fr\/produit\/cours-dintroduction-a-lutilisation-des-teintures-meres\/","og_locale":"fr_FR","og_type":"article","og_title":"Cours d\u2019introduction \u00e0 l\u2019utilisation des teintures m\u00e8res - CERES Akademie","og_description":"S\u00e9minaire de base  23.04.2026 I 9:30 \u00e0 17:00 heures Nax \u00e0 proximit\u00e9 de Sion, Suisse R\u00e9serv\u00e9 aux professionnels","og_url":"https:\/\/akademie.ceresheilmittel.com\/fr\/produit\/cours-dintroduction-a-lutilisation-des-teintures-meres\/","og_site_name":"CERES Akademie","article_modified_time":"2025-11-21T09:45:10+00:00","og_image":[{"width":569,"height":852,"url":"https:\/\/akademie.ceresheilmittel.com\/wp-content\/uploads\/sites\/6\/2025\/05\/steinklee_1_WuS_RK.jpg","type":"image\/jpeg"}],"twitter_card":"summary_large_image","twitter_misc":{"Dur\u00e9e de lecture estim\u00e9e":"2 minutes"},"schema":{"@context":"https:\/\/schema.org","@graph":[{"@type":"WebPage","@id":"https:\/\/akademie.ceresheilmittel.com\/fr\/produit\/cours-dintroduction-a-lutilisation-des-teintures-meres\/","url":"https:\/\/akademie.ceresheilmittel.com\/fr\/produit\/cours-dintroduction-a-lutilisation-des-teintures-meres\/","name":"Cours d\u2019introduction \u00e0 l\u2019utilisation des teintures m\u00e8res - CERES Akademie","isPartOf":{"@id":"https:\/\/akademie.ceresheilmittel.com\/fr\/#website"},"primaryImageOfPage":{"@id":"https:\/\/akademie.ceresheilmittel.com\/fr\/produit\/cours-dintroduction-a-lutilisation-des-teintures-meres\/#primaryimage"},"image":{"@id":"https:\/\/akademie.ceresheilmittel.com\/fr\/produit\/cours-dintroduction-a-lutilisation-des-teintures-meres\/#primaryimage"},"thumbnailUrl":"https:\/\/akademie.ceresheilmittel.com\/wp-content\/uploads\/sites\/6\/2025\/05\/steinklee_1_WuS_RK.jpg","datePublished":"2025-10-31T13:40:09+00:00","dateModified":"2025-11-21T09:45:10+00:00","breadcrumb":{"@id":"https:\/\/akademie.ceresheilmittel.com\/fr\/produit\/cours-dintroduction-a-lutilisation-des-teintures-meres\/#breadcrumb"},"inLanguage":"fr-FR","potentialAction":[{"@type":"ReadAction","target":["https:\/\/akademie.ceresheilmittel.com\/fr\/produit\/cours-dintroduction-a-lutilisation-des-teintures-meres\/"]}]},{"@type":"ImageObject","inLanguage":"fr-FR","@id":"https:\/\/akademie.ceresheilmittel.com\/fr\/produit\/cours-dintroduction-a-lutilisation-des-teintures-meres\/#primaryimage","url":"https:\/\/akademie.ceresheilmittel.com\/wp-content\/uploads\/sites\/6\/2025\/05\/steinklee_1_WuS_RK.jpg","contentUrl":"https:\/\/akademie.ceresheilmittel.com\/wp-content\/uploads\/sites\/6\/2025\/05\/steinklee_1_WuS_RK.jpg","width":569,"height":852},{"@type":"BreadcrumbList","@id":"https:\/\/akademie.ceresheilmittel.com\/fr\/produit\/cours-dintroduction-a-lutilisation-des-teintures-meres\/#breadcrumb","itemListElement":[{"@type":"ListItem","position":1,"name":"Home","item":"https:\/\/akademie.ceresheilmittel.com\/fr\/page-daccueil\/"},{"@type":"ListItem","position":2,"name":"Produits","item":"https:\/\/akademie.ceresheilmittel.com\/fr\/shop\/"},{"@type":"ListItem","position":3,"name":"Cours d\u2019introduction \u00e0 l\u2019utilisation des teintures m\u00e8res"}]},{"@type":"WebSite","@id":"https:\/\/akademie.ceresheilmittel.com\/fr\/#website","url":"https:\/\/akademie.ceresheilmittel.com\/fr\/","name":"CERES Akademie","description":"","publisher":{"@id":"https:\/\/akademie.ceresheilmittel.com\/fr\/#organization"},"potentialAction":[{"@type":"SearchAction","target":{"@type":"EntryPoint","urlTemplate":"https:\/\/akademie.ceresheilmittel.com\/fr\/?s={search_term_string}"},"query-input":{"@type":"PropertyValueSpecification","valueRequired":true,"valueName":"search_term_string"}}],"inLanguage":"fr-FR"},{"@type":"Organization","@id":"https:\/\/akademie.ceresheilmittel.com\/fr\/#organization","name":"CERES Akademie","url":"https:\/\/akademie.ceresheilmittel.com\/fr\/","logo":{"@type":"ImageObject","inLanguage":"fr-FR","@id":"https:\/\/akademie.ceresheilmittel.com\/fr\/#\/schema\/logo\/image\/","url":"https:\/\/akademie.ceresheilmittel.com\/wp-content\/uploads\/sites\/6\/2024\/11\/cropped-Logo_Ceres_Web_RGB_0722.jpg","contentUrl":"https:\/\/akademie.ceresheilmittel.com\/wp-content\/uploads\/sites\/6\/2024\/11\/cropped-Logo_Ceres_Web_RGB_0722.jpg","width":599,"height":315,"caption":"CERES Akademie"},"image":{"@id":"https:\/\/akademie.ceresheilmittel.com\/fr\/#\/schema\/logo\/image\/"}}]}},"taxonomy_info":{"product_cat":[{"value":8352,"label":"CH &#8211; Nax"},{"value":2595,"label":"Fran\u00e7ais"},{"value":2591,"label":"Principes de base"}],"product_tag":[{"value":8964,"label":"26.03.2026 FR"}],"pa_format":[{"value":3355,"label":"S\u00e9minaire en pr\u00e9sentiel"}],"pa_fuer-wen":[{"value":8844,"label":"Professionnel de sant\u00e9"}],"pa_sku":[{"value":8772,"label":"26-77"}]},"featured_image_src_large":["https:\/\/akademie.ceresheilmittel.com\/wp-content\/uploads\/sites\/6\/2025\/05\/steinklee_1_WuS_RK.jpg",569,852,false],"author_info":[],"comment_info":"","uagb_featured_image_src":{"full":["https:\/\/akademie.ceresheilmittel.com\/wp-content\/uploads\/sites\/6\/2025\/05\/steinklee_1_WuS_RK.jpg",569,852,false],"thumbnail":["https:\/\/akademie.ceresheilmittel.com\/wp-content\/uploads\/sites\/6\/2025\/05\/steinklee_1_WuS_RK-150x150.jpg",150,150,true],"medium":["https:\/\/akademie.ceresheilmittel.com\/wp-content\/uploads\/sites\/6\/2025\/05\/steinklee_1_WuS_RK-200x300.jpg",200,300,true],"medium_large":["https:\/\/akademie.ceresheilmittel.com\/wp-content\/uploads\/sites\/6\/2025\/05\/steinklee_1_WuS_RK.jpg",569,852,false],"large":["https:\/\/akademie.ceresheilmittel.com\/wp-content\/uploads\/sites\/6\/2025\/05\/steinklee_1_WuS_RK.jpg",569,852,false],"1536x1536":["https:\/\/akademie.ceresheilmittel.com\/wp-content\/uploads\/sites\/6\/2025\/05\/steinklee_1_WuS_RK.jpg",569,852,false],"2048x2048":["https:\/\/akademie.ceresheilmittel.com\/wp-content\/uploads\/sites\/6\/2025\/05\/steinklee_1_WuS_RK.jpg",569,852,false],"woocommerce_thumbnail":["https:\/\/akademie.ceresheilmittel.com\/wp-content\/uploads\/sites\/6\/2025\/05\/steinklee_1_WuS_RK-300x240.jpg",300,240,true],"woocommerce_single":["https:\/\/akademie.ceresheilmittel.com\/wp-content\/uploads\/sites\/6\/2025\/05\/steinklee_1_WuS_RK.jpg",569,852,false],"woocommerce_gallery_thumbnail":["https:\/\/akademie.ceresheilmittel.com\/wp-content\/uploads\/sites\/6\/2025\/05\/steinklee_1_WuS_RK-100x100.jpg",100,100,true]},"uagb_author_info":{"display_name":"Jolanda Kugler","author_link":"https:\/\/akademie.ceresheilmittel.com\/fr\/author\/"},"uagb_comment_info":0,"uagb_excerpt":"S\u00e9minaire de base 23.04.2026 I 9:30 \u00e0 17:00 heures Nax \u00e0 proximit\u00e9 de Sion, Suisse R\u00e9serv\u00e9 aux professionnels","_links":{"self":[{"href":"https:\/\/akademie.ceresheilmittel.com\/fr\/wp-json\/wp\/v2\/product\/74176","targetHints":{"allow":["GET"]}}],"collection":[{"href":"https:\/\/akademie.ceresheilmittel.com\/fr\/wp-json\/wp\/v2\/product"}],"about":[{"href":"https:\/\/akademie.ceresheilmittel.com\/fr\/wp-json\/wp\/v2\/types\/product"}],"wp:featuredmedia":[{"embeddable":true,"href":"https:\/\/akademie.ceresheilmittel.com\/fr\/wp-json\/wp\/v2\/media\/44111"}],"wp:attachment":[{"href":"https:\/\/akademie.ceresheilmittel.com\/fr\/wp-json\/wp\/v2\/media?parent=74176"}],"wp:term":[{"taxonomy":"product_brand","embeddable":true,"href":"https:\/\/akademie.ceresheilmittel.com\/fr\/wp-json\/wp\/v2\/product_brand?post=74176"},{"taxonomy":"product_cat","embeddable":true,"href":"https:\/\/akademie.ceresheilmittel.com\/fr\/wp-json\/wp\/v2\/product_cat?post=74176"},{"taxonomy":"product_tag","embeddable":true,"href":"https:\/\/akademie.ceresheilmittel.com\/fr\/wp-json\/wp\/v2\/product_tag?post=74176"}],"curies":[{"name":"wp","href":"https:\/\/api.w.org\/{rel}","templated":true}]}}